{"id":8,"date":"2022-05-02T12:46:25","date_gmt":"2022-05-02T10:46:25","guid":{"rendered":"http:\/\/14stka.pl\/?page_id=8"},"modified":"2025-06-18T20:11:08","modified_gmt":"2025-06-18T18:11:08","slug":"oferta","status":"publish","type":"page","link":"https:\/\/14stka.pl\/index.php\/oferta\/","title":{"rendered":"Oferta"},"content":{"rendered":"\n<div class=\"wp-block-cover alignfull\" style=\"min-height:267px\"><span aria-hidden=\"true\" class=\"has-nv-site-bg-background-color has-background-dim-100 wp-block-cover__gradient-background has-background-dim\"><\/span><div class=\"wp-block-cover__inner-container\">\n<div class=\"wp-container-1 wp-block-group\"><div class=\"wp-block-group__inner-container\">\n<p><\/p>\n\n\n\n<div style=\"height:50px\" aria-hidden=\"true\" class=\"wp-block-spacer\"><\/div>\n\n\n\n<h1 class=\"has-text-align-left has-neve-text-color-color has-text-color\">Prowadzimy kursy:<\/h1>\n<\/div><\/div>\n<\/div><\/div>\n\n\n\n<figure class=\"wp-block-table is-style-stripes\"><table><thead><tr><th>Nazwa kategorii<\/th><th>Cena kursu<\/th><th>Cena dodatkowej godziny<\/th><th>Jakimi pojazdami mo\u017cesz kierowa\u0107<\/th><th>Ile musisz mie\u0107 lat, \u017ceby uzyska\u0107 prawo jazdy<\/th><\/tr><\/thead><tbody><tr><td><strong>AM<\/strong><\/td><td><strong>1800 PLN<\/strong><\/td><td><strong>120 PLN<\/strong><\/td><td><strong>1.<\/strong> Motorower<br><strong>2.<\/strong> Czteroko\u0142owiec lekki (na przyk\u0142ad ma\u0142y quad)<br><strong>3.<\/strong> Zesp\u00f3\u0142 pojazd\u00f3w (powy\u017csze pojazdy po\u0142\u0105czone z przyczep\u0105, tylko w Polsce)<\/td><td>14 lat<\/td><\/tr><tr><td><strong>A1<\/strong><\/td><td><strong>3000 PLN<\/strong><\/td><td><strong>130 PLN<\/strong><\/td><td><strong>1.<\/strong> Motocykl o pojemno\u015bci skokowej silnika do 125 cm3, mocy do 11 kW i stosunku mocy do masy w\u0142asnej do 0,1 kW\/kg<br><strong>2.<\/strong> Motocykl tr\u00f3jko\u0142owy o mocy do 15 kW<br><strong>3.<\/strong> Pojazdy z kategorii AM<br><strong>4.<\/strong> Zesp\u00f3\u0142 pojazd\u00f3w (powy\u017csze pojazdy po\u0142\u0105czone z przyczep\u0105, tylko w Polsce)<\/td><td>16 lat<\/td><\/tr><tr><td><strong>A2<\/strong><\/td><td><strong>3200 PLN<\/strong><\/td><td><strong>150 PLN<\/strong><\/td><td><strong>1<\/strong>. Motocykl, kt\u00f3ry spe\u0142nia wszystkie poni\u017csze warunki:<br><strong>&#8211;<\/strong> moc do 35 kW<br><strong>&#8211; <\/strong>stosunek mocy do masy w\u0142asnej do 0,2 kW\/kg<br><strong>&#8211; <\/strong>nie mo\u017ce on powsta\u0107 w wyniku wprowadzenia zmian w poje\u017adzie, kt\u00f3rego moc przekracza dwukrotno\u015b\u0107 mocy tego motocykla<br><strong>2<\/strong>. Motocykl tr\u00f3jko\u0142owy o mocy do 15 kW<br><strong>3.<\/strong> Pojazdy z kategorii AM<br><strong>4.<\/strong> Zesp\u00f3\u0142 pojazd\u00f3w (powy\u017csze pojazdy po\u0142\u0105czone z przyczep\u0105, tylko w Polsce)<\/td><td>18 lat<\/td><\/tr><tr><td><strong>A<\/strong><\/td><td><strong>3600 PLN<\/strong><\/td><td><strong>169 PLN<\/strong><\/td><td><strong>1.<\/strong> Ka\u017cdy motocykl<br><strong>2.<\/strong> Pojazd z kategorii AM<br><strong>3.<\/strong> Zesp\u00f3\u0142 pojazd\u00f3w (powy\u017csze pojazdy po\u0142\u0105czone z przyczep\u0105, tylko w Polsce)<\/td><td>20 lat (je\u015bli&nbsp;masz&nbsp;ju\u017c od co najmniej 2 lat prawo jazdy kategorii A2)<br><br>24 lata (je\u015bli&nbsp;nie masz od co najmniej 2 lat prawa jazdy kategorii A2)<\/td><\/tr><tr><td><strong>B<\/strong><\/td><td><strong>3400 PLN<\/strong><\/td><td><strong>150 PLN<\/strong><\/td><td><strong>1.<\/strong> Pojazd samochodowy o dopuszczalnej masie ca\u0142kowitej do 3,5 t (na przyk\u0142ad samoch\u00f3d osobowy), z wyj\u0105tkiem autobusu i motocykla<br><strong>2.<\/strong> Zesp\u00f3\u0142 pojazd\u00f3w, powy\u017cszy pojazd po\u0142\u0105czony z lekk\u0105 przyczep\u0105 (o dopuszczalnej masie ca\u0142kowitej do 750 kg)<br><strong>3.<\/strong> Pojazd z kategorii AM<br><strong>4.<\/strong> Zesp\u00f3\u0142 pojazd\u00f3w, z\u0142o\u017cony z pojazdu samochodowego o dopuszczalnej masie ca\u0142kowitej do 3,5 t (z wyj\u0105tkiem autobusu i motocykla) oraz przyczepy. Jednak \u0142\u0105czna dopuszczalna masa ca\u0142kowita ca\u0142ego zespo\u0142u nie mo\u017ce przekroczy\u0107 3500 kg,<br><strong>5.<\/strong> Je\u015bli zdasz dodatkowy egzamin praktyczny i masz dodatkowy wpis w prawie jazdy, zesp\u00f3\u0142 pojazd\u00f3w z\u0142o\u017cony z pojazdu samochodowego o dopuszczalnej masie ca\u0142kowitej do 3,5 t&nbsp;(z wyj\u0105tkiem autobusu i motocykla)&nbsp;oraz przyczepy. Jednak \u0142\u0105czna dopuszczalna masa ca\u0142kowita ca\u0142ego zespo\u0142u nie mo\u017ce przekroczy\u0107 4250 kg<br><strong>6.<\/strong> Ci\u0105gnik rolniczy (tylko w Polsce)<br><strong>7.<\/strong> Pojazd wolnobie\u017cny (na przyk\u0142ad walec, tylko w Polsce)<br><strong>8.<\/strong> Zesp\u00f3\u0142 pojazd\u00f3w z\u0142o\u017cony z ci\u0105gnika rolniczego oraz lekkiej przyczepy (o dopuszczalnej masie ca\u0142kowitej do 750 kg, tylko w Polsce)<br><strong>9.<\/strong> Zesp\u00f3\u0142 pojazd\u00f3w z\u0142o\u017cony z pojazdu wolnobie\u017cnego oraz lekkiej przyczepy (o dopuszczalnej masie ca\u0142kowitej do 750 kg, tylko w Polsce)<br><strong>10.<\/strong> je\u015bli masz prawo jazdy kategorii B od co najmniej 3 lat &#8211; motocykl o pojemno\u015bci skokowej silnika do 125 cm3, mocy do 11 kW i stosunku mocy do masy w\u0142asnej do 0,1 kW\/kg (tylko w Polsce)<\/td><td>18 lat<\/td><\/tr><tr><td><strong>B+E<\/strong><\/td><td><strong>2000 PLN<\/strong><\/td><td><strong>140 PLN<\/strong><\/td><td><strong>1.<\/strong> Zesp\u00f3\u0142 pojazd\u00f3w z\u0142o\u017cony z pojazdu z kategorii B i przyczepy o dopuszczalnej masie ca\u0142kowitej do 3,5 tony<br><strong>2.<\/strong> Zesp\u00f3\u0142 pojazd\u00f3w z\u0142o\u017cony z ci\u0105gnika rolniczego i przyczepy&nbsp;lub przyczep (tylko w Polsce)<br><strong>3.<\/strong> Zesp\u00f3\u0142 pojazd\u00f3w z\u0142o\u017cony z pojazdu wolnobie\u017cnego (na przyk\u0142ad walca) i przyczepy&nbsp;lub przyczep (tylko w Polsce)<\/td><td>18 lat<\/td><\/tr><tr><td><strong>C<\/strong><\/td><td><strong>5000 PLN<\/strong><\/td><td><strong>150 PLN<\/strong><\/td><td><strong>1.<\/strong> Pojazd samochodowy o dopuszczalnej masie ca\u0142kowitej ponad 3,5t, z wyj\u0105tkiem autobus (na przyk\u0142ad du\u017ca ci\u0119\u017car\u00f3wka)<br><strong>2.<\/strong> Zesp\u00f3\u0142 pojazd\u00f3w (powy\u017cszy pojazd i lekka przyczepa, o dopuszczalnej masie ca\u0142kowitej do 750 kg)<br><strong>3.<\/strong> Pojazd z kategorii AM<br><strong>4.<\/strong> Ci\u0105gnik rolniczy (tylko w Polsce)<br><strong>5.<\/strong> Pojazd wolnobie\u017cny (na przyk\u0142ad walec, tylko w Polsce)<br><strong>6. <\/strong>Zesp\u00f3\u0142 pojazd\u00f3w z\u0142o\u017cony z ci\u0105gnika rolniczego oraz lekkiej przyczepy (o dopuszczalnej masie ca\u0142kowitej do 750 kg, tylko w Polsce)<br><strong>7. <\/strong>Zesp\u00f3\u0142 pojazd\u00f3w z\u0142o\u017cony z pojazdu wolnobie\u017cnego oraz lekkiej przyczepy (o dopuszczalnej masie ca\u0142kowitej do 750 kg, tylko w Polsce)<\/td><td>21 lat<\/td><\/tr><tr><td><strong>C+E<\/strong><\/td><td><strong>5000 PLN<\/strong><\/td><td><strong>150 PLN<\/strong><\/td><td><strong>1.<\/strong> Zesp\u00f3\u0142 pojazd\u00f3w z\u0142o\u017cony z pojazdu z kategorii C i przyczepy<br><strong>2. <\/strong>Zesp\u00f3\u0142 pojazd\u00f3w z\u0142o\u017cony z ci\u0105gnika rolniczego oraz przyczepy lub przyczep (tylko w Polsce)<br><strong>3.<\/strong> Zesp\u00f3\u0142 pojazd\u00f3w z\u0142o\u017cony z pojazdu wolnobie\u017cnego oraz przyczepy lub przyczep (tylko w Polsce)<\/td><td>21 lat<\/td><\/tr><tr><td><strong>C, C+E<\/strong><\/td><td><strong>9500 PLN<\/strong><\/td><td><strong>150 PLN<\/strong><\/td><td>Pojazdy z kategorii C oraz C+E<\/td><td>21 lat<\/td><\/tr><\/tbody><\/table><\/figure>\n\n\n\n<div class=\"wp-block-cover alignfull\" style=\"min-height:420px\"><span aria-hidden=\"true\" class=\"has-nv-site-bg-background-color has-background-dim-100 wp-block-cover__gradient-background has-background-dim\"><\/span><div class=\"wp-block-cover__inner-container\">\n<div style=\"height:80px\" aria-hidden=\"true\" class=\"wp-block-spacer\"><\/div>\n\n\n\n<div class=\"wp-block-columns\">\n<div class=\"wp-block-column ticss-4ce656f1\">\n<figure class=\"wp-block-image is-resized icon-style is-style-rounded\"><img loading=\"lazy\" src=\"http:\/\/14stka.pl\/wp-content\/themes\/neve\/assets\/img\/starter-content\/icon-03.svg\" alt=\"\" width=\"48\" height=\"48\"\/><\/figure>\n\n\n\n<h3 class=\"has-text-align-left has-text-align-center has-neve-text-color-color has-text-color\">Najwy\u017csza zdawalno\u015b\u0107<\/h3>\n\n\n\n<p class=\"has-text-align-left has-neve-text-color-color has-text-color\">Od wielu lat znajdujemy si\u0119 w \u015bcis\u0142ej czo\u0142\u00f3wce pod wzgl\u0119dem zdawalno\u015bci (dane WORD)<\/p>\n\n\n\n<div style=\"height:20px\" aria-hidden=\"true\" class=\"wp-block-spacer\"><\/div>\n<\/div>\n\n\n\n<div class=\"wp-block-column ticss-f6fc7494\">\n<figure class=\"wp-block-image is-resized icon-style is-style-rounded\"><img loading=\"lazy\" src=\"http:\/\/14stka.pl\/wp-content\/themes\/neve\/assets\/img\/starter-content\/icon-03.svg\" alt=\"\" width=\"48\" height=\"48\"\/><\/figure>\n\n\n\n<h3 class=\"has-text-align-left has-text-align-center has-neve-text-color-color has-text-color\">Atrakcyjne ceny<\/h3>\n\n\n\n<p class=\"has-text-align-left has-neve-text-color-color has-text-color\">Atrakcyjne ceny za kurs oraz dodatkowe godziny<\/p>\n\n\n\n<div style=\"height:20px\" aria-hidden=\"true\" class=\"wp-block-spacer\"><\/div>\n<\/div>\n\n\n\n<div class=\"wp-block-column ticss-a5b4df29\">\n<figure class=\"wp-block-image is-resized icon-style is-style-rounded\"><img loading=\"lazy\" src=\"http:\/\/14stka.pl\/wp-content\/themes\/neve\/assets\/img\/starter-content\/icon-03.svg\" alt=\"\" width=\"48\" height=\"48\"\/><\/figure>\n\n\n\n<h3 class=\"has-text-align-left has-text-align-center has-neve-text-color-color has-text-color\">Gwarancja satysfakcji<\/h3>\n\n\n\n<p class=\"has-text-align-left has-neve-text-color-color has-text-color\">Oferujemy indywidualnie podej\u015bcie do ka\u017cdego kursanta gwarantuj\u0105c idealne przygotowanie do egzaminu teoretycznego i praktycznego<\/p>\n\n\n\n<div style=\"height:20px\" aria-hidden=\"true\" class=\"wp-block-spacer\"><\/div>\n<\/div>\n<\/div>\n\n\n\n<div style=\"height:30px\" aria-hidden=\"true\" class=\"wp-block-spacer\"><\/div>\n<\/div><\/div>\n","protected":false},"excerpt":{"rendered":"<p>Nazwa kategorii Cena kursu Cena dodatkowej godziny Jakimi pojazdami mo\u017cesz kierowa\u0107 Ile musisz mie\u0107 lat, \u017ceby uzyska\u0107 prawo jazdy AM 1800 PLN 120 PLN 1. Motorower2. Czteroko\u0142owiec lekki (na przyk\u0142ad ma\u0142y quad)3. Zesp\u00f3\u0142 pojazd\u00f3w (powy\u017csze pojazdy po\u0142\u0105czone z przyczep\u0105, tylko w Polsce) 14 lat A1 3000 PLN 130 PLN 1. Motocykl o pojemno\u015bci skokowej silnika&hellip;&nbsp;<a href=\"https:\/\/14stka.pl\/index.php\/oferta\/\" class=\"\" rel=\"bookmark\">Czytaj dalej &raquo;<span class=\"screen-reader-text\">Oferta<\/span><\/a><\/p>\n","protected":false},"author":1,"featured_media":0,"parent":0,"menu_order":0,"comment_status":"closed","ping_status":"closed","template":"","meta":{"neve_meta_sidebar":"","neve_meta_container":"","neve_meta_enable_content_width":"on","neve_meta_content_width":100,"neve_meta_title_alignment":"","neve_meta_author_avatar":"","neve_post_elements_order":"","neve_meta_disable_header":"","neve_meta_disable_footer":"","neve_meta_disable_title":"on","_ti_tpc_template_sync":false,"_ti_tpc_template_id":""},"_links":{"self":[{"href":"https:\/\/14stka.pl\/index.php\/wp-json\/wp\/v2\/pages\/8"}],"collection":[{"href":"https:\/\/14stka.pl\/index.php\/wp-json\/wp\/v2\/pages"}],"about":[{"href":"https:\/\/14stka.pl\/index.php\/wp-json\/wp\/v2\/types\/page"}],"author":[{"embeddable":true,"href":"https:\/\/14stka.pl\/index.php\/wp-json\/wp\/v2\/users\/1"}],"replies":[{"embeddable":true,"href":"https:\/\/14stka.pl\/index.php\/wp-json\/wp\/v2\/comments?post=8"}],"version-history":[{"count":30,"href":"https:\/\/14stka.pl\/index.php\/wp-json\/wp\/v2\/pages\/8\/revisions"}],"predecessor-version":[{"id":284,"href":"https:\/\/14stka.pl\/index.php\/wp-json\/wp\/v2\/pages\/8\/revisions\/284"}],"wp:attachment":[{"href":"https:\/\/14stka.pl\/index.php\/wp-json\/wp\/v2\/media?parent=8"}],"curies":[{"name":"wp","href":"https:\/\/api.w.org\/{rel}","templated":true}]}}